{"id":7285,"date":"2025-09-05T09:10:45","date_gmt":"2025-09-05T08:10:45","guid":{"rendered":"https:\/\/vrtec-crensovci.si\/?page_id=7285"},"modified":"2025-12-05T12:52:22","modified_gmt":"2025-12-05T11:52:22","slug":"nacini-sodelovanja","status":"publish","type":"page","link":"https:\/\/vrtec-crensovci.si\/?page_id=7285","title":{"rendered":"Na\u010dini sodelovanja"},"content":{"rendered":"\t\t<div data-elementor-type=\"wp-page\" data-elementor-id=\"7285\" class=\"elementor elementor-7285\" data-elementor-post-type=\"page\">\n\t\t\t\t\t\t<section class=\"elementor-section elementor-top-section elementor-element elementor-element-99e3143 elementor-section-content-bottom elementor-section-height-min-height elementor-section-items-stretch elementor-section-boxed elementor-section-height-default\" data-id=\"99e3143\" data-element_type=\"section\" data-settings=\"{&quot;background_background&quot;:&quot;classic&quot;,&quot;animation&quot;:&quot;none&quot;,&quot;shape_divider_bottom&quot;:&quot;vamtam-waves&quot;,&quot;shape_divider_top&quot;:&quot;vamtam-waves&quot;}\">\n\t\t\t\t\t<div class=\"elementor-shape elementor-shape-top\" aria-hidden=\"true\" data-negative=\"false\">\n\t\t\t<svg preserveAspectRatio=\"xMidYMin slice\" viewBox=\"0 0 1056 4\" xmlns=\"http:\/\/www.w3.org\/2000\/svg\">\n<path class=\"elementor-shape-fill\" d=\"M1035.025 1.916c-.721-.81-1.865-1.275-2.954-1.275a3.807 3.807 0 0 0-2.846 1.275C1027.889 3.249 1025.893 4 1024 4c-1.896.008-3.642-.745-4.975-2.084-.721-.81-1.865-1.275-2.954-1.275a3.807 3.807 0 0 0-2.846 1.275C1011.889 3.249 1009.893 4 1008 4c-1.896.008-3.642-.745-4.975-2.084-.721-.81-1.865-1.275-2.954-1.275a3.807 3.807 0 0 0-2.846 1.275C995.889 3.249 993.893 4 992 4c-1.896.008-3.642-.745-4.975-2.084-.721-.81-1.865-1.275-2.954-1.275a3.807 3.807 0 0 0-2.846 1.275C979.889 3.249 977.893 4 976 4c-1.896.008-3.642-.745-4.975-2.084-.721-.81-1.865-1.275-2.954-1.275a3.807 3.807 0 0 0-2.846 1.275C963.889 3.249 961.893 4 960 4c-1.896.008-3.642-.745-4.975-2.084-.721-.81-1.865-1.275-2.954-1.275a3.807 3.807 0 0 0-2.846 1.275C947.889 3.249 945.893 4 944 4c-1.896.008-3.642-.745-4.975-2.084-.721-.81-1.865-1.275-2.954-1.275a3.807 3.807 0 0 0-2.846 1.275C931.889 3.249 929.893 4 928 4c-1.896.008-3.642-.745-4.975-2.084-.721-.81-1.865-1.275-2.954-1.275a3.807 3.807 0 0 0-2.846 1.275C915.889 3.249 913.893 4 912 4c-1.896.008-3.642-.745-4.975-2.084-.721-.81-1.865-1.275-2.954-1.275a3.807 3.807 0 0 0-2.846 1.275C899.889 3.249 897.893 4 896 4c-1.896.008-3.642-.745-4.975-2.084-.721-.81-1.865-1.275-2.954-1.275a3.807 3.807 0 0 0-2.846 1.275C883.889 3.249 881.893 4 880 4c-1.896.008-3.642-.745-4.975-2.084-.721-.81-1.865-1.275-2.954-1.275a3.807 3.807 0 0 0-2.846 1.275C867.889 3.249 865.893 4 864 4c-1.896.008-3.642-.745-4.975-2.084-.721-.81-1.865-1.275-2.954-1.275a3.807 3.807 0 0 0-2.846 1.275C851.889 3.249 849.893 4 848 4c-1.896.008-3.642-.745-4.975-2.084-.721-.81-1.865-1.275-2.954-1.275a3.807 3.807 0 0 0-2.846 1.275C835.889 3.249 833.893 4 832 4c-1.896.008-3.642-.745-4.975-2.084-.721-.81-1.865-1.275-2.954-1.275a3.807 3.807 0 0 0-2.846 1.275C819.889 3.249 817.893 4 816 4c-1.896.008-3.642-.745-4.975-2.084-.721-.81-1.865-1.275-2.954-1.275a3.807 3.807 0 0 0-2.846 1.275C803.889 3.249 801.893 4 800 4c-1.896.008-3.642-.745-4.975-2.084-.721-.81-1.865-1.275-2.954-1.275a3.807 3.807 0 0 0-2.846 1.275C787.889 3.249 785.893 4 784 4c-1.896.008-3.642-.745-4.975-2.084-.721-.81-1.865-1.275-2.954-1.275a3.807 3.807 0 0 0-2.846 1.275C771.889 3.249 769.893 4 768 4c-1.896.008-3.642-.745-4.975-2.084-.721-.81-1.865-1.275-2.954-1.275a3.807 3.807 0 0 0-2.846 1.275C755.889 3.249 753.893 4 752 4c-1.896.008-3.642-.745-4.975-2.084-.721-.81-1.865-1.275-2.954-1.275a3.807 3.807 0 0 0-2.846 1.275C739.889 3.249 737.893 4 736 4c-1.896.008-3.642-.745-4.975-2.084-.721-.81-1.865-1.275-2.954-1.275a3.807 3.807 0 0 0-2.846 1.275C723.889 3.249 721.893 4 720 4c-1.896.008-3.642-.745-4.975-2.084-.721-.81-1.865-1.275-2.954-1.275a3.807 3.807 0 0 0-2.846 1.275C707.889 3.249 705.893 4 704 4c-1.896.008-3.642-.745-4.975-2.084-.721-.81-1.865-1.275-2.954-1.275a3.807 3.807 0 0 0-2.846 1.275C691.889 3.249 689.893 4 688 4c-1.896.008-3.642-.745-4.975-2.084-.721-.81-1.865-1.275-2.954-1.275a3.807 3.807 0 0 0-2.846 1.275C675.889 3.249 673.893 4 672 4c-1.896.008-3.642-.745-4.975-2.084-.721-.81-1.865-1.275-2.954-1.275a3.807 3.807 0 0 0-2.846 1.275C659.889 3.249 657.893 4 656 4c-1.896.008-3.642-.745-4.975-2.084-.721-.81-1.865-1.275-2.954-1.275a3.807 3.807 0 0 0-2.846 1.275C643.889 3.249 641.893 4 640 4c-1.896.008-3.642-.745-4.975-2.084-.721-.81-1.865-1.275-2.954-1.275a3.807 3.807 0 0 0-2.846 1.275C627.889 3.249 625.893 4 624 4c-1.896.008-3.642-.745-4.975-2.084-.721-.81-1.865-1.275-2.954-1.275a3.807 3.807 0 0 0-2.846 1.275C611.889 3.249 609.893 4 608 4c-1.896.008-3.642-.745-4.975-2.084-.721-.81-1.865-1.275-2.954-1.275a3.807 3.807 0 0 0-2.846 1.275C595.889 3.249 593.893 4 592 4c-1.896.008-3.642-.745-4.975-2.084-.721-.81-1.865-1.275-2.954-1.275a3.807 3.807 0 0 0-2.846 1.275C579.889 3.249 577.893 4 576 4c-1.896.008-3.642-.745-4.975-2.084-.721-.81-1.865-1.275-2.954-1.275a3.807 3.807 0 0 0-2.846 1.275C563.889 3.249 561.893 4 560 4c-1.896.008-3.642-.745-4.975-2.084-.721-.81-1.865-1.275-2.954-1.275a3.807 3.807 0 0 0-2.846 1.275C547.889 3.249 545.893 4 544 4c-1.896.008-3.642-.745-4.975-2.084-.721-.81-1.865-1.275-2.954-1.275a3.807 3.807 0 0 0-2.846 1.275C531.889 3.249 529.893 4 528 4c-1.896.008-3.642-.745-4.975-2.084-.721-.81-1.865-1.275-2.954-1.275a3.807 3.807 0 0 0-2.846 1.275C515.889 3.249 513.893 4 512 4c-1.896.008-3.642-.745-4.975-2.084-.721-.81-1.865-1.275-2.954-1.275a3.807 3.807 0 0 0-2.846 1.275C499.889 3.249 497.893 4 496 4c-1.896.008-3.642-.745-4.975-2.084-.721-.81-1.865-1.275-2.954-1.275a3.807 3.807 0 0 0-2.846 1.275C483.889 3.249 481.893 4 480 4c-1.896.008-3.642-.745-4.975-2.084-.721-.81-1.865-1.275-2.954-1.275a3.807 3.807 0 0 0-2.846 1.275C467.889 3.249 465.893 4 464 4c-1.896.008-3.642-.745-4.975-2.084-.721-.81-1.865-1.275-2.954-1.275a3.807 3.807 0 0 0-2.846 1.275C451.889 3.249 449.893 4 448 4c-1.896.008-3.642-.745-4.975-2.084-.721-.81-1.865-1.275-2.954-1.275a3.807 3.807 0 0 0-2.846 1.275C435.889 3.249 433.893 4 432 4c-1.896.008-3.642-.745-4.975-2.084-.721-.81-1.865-1.275-2.954-1.275a3.807 3.807 0 0 0-2.846 1.275C419.889 3.249 417.893 4 416 4c-1.896.008-3.642-.745-4.975-2.084-.721-.81-1.865-1.275-2.954-1.275a3.807 3.807 0 0 0-2.846 1.275C403.889 3.249 401.893 4 400 4c-1.896.008-3.642-.745-4.975-2.084-.721-.81-1.865-1.275-2.954-1.275a3.807 3.807 0 0 0-2.846 1.275C387.889 3.249 385.893 4 384 4c-1.896.008-3.642-.745-4.975-2.084-.721-.81-1.865-1.275-2.954-1.275a3.807 3.807 0 0 0-2.846 1.275C371.889 3.249 369.893 4 368 4c-1.896.008-3.642-.745-4.975-2.084-.721-.81-1.865-1.275-2.954-1.275a3.807 3.807 0 0 0-2.846 1.275C355.889 3.249 353.893 4 352 4c-1.896.008-3.642-.745-4.975-2.084-.721-.81-1.865-1.275-2.954-1.275a3.807 3.807 0 0 0-2.846 1.275C339.889 3.249 337.893 4 336 4c-1.896.008-3.642-.745-4.975-2.084-.721-.81-1.865-1.275-2.954-1.275a3.807 3.807 0 0 0-2.846 1.275C323.889 3.249 321.893 4 320 4c-1.896.008-3.642-.745-4.975-2.084-.721-.81-1.865-1.275-2.954-1.275a3.807 3.807 0 0 0-2.846 1.275C307.889 3.249 305.893 4 304 4c-1.896.008-3.642-.745-4.975-2.084-.721-.81-1.865-1.275-2.954-1.275a3.807 3.807 0 0 0-2.846 1.275C291.889 3.249 289.893 4 288 4c-1.896.008-3.642-.745-4.975-2.084-.721-.81-1.865-1.275-2.954-1.275a3.807 3.807 0 0 0-2.846 1.275C275.889 3.249 273.893 4 272 4c-1.896.008-3.642-.745-4.975-2.084-.721-.81-1.865-1.275-2.954-1.275a3.807 3.807 0 0 0-2.846 1.275C259.889 3.249 257.893 4 256 4c-1.896.008-3.642-.745-4.975-2.084-.721-.81-1.865-1.275-2.954-1.275a3.807 3.807 0 0 0-2.846 1.275C243.889 3.249 241.893 4 240 4c-1.896.008-3.642-.745-4.975-2.084-.721-.81-1.865-1.275-2.954-1.275a3.807 3.807 0 0 0-2.846 1.275C227.889 3.249 225.893 4 224 4c-1.896.008-3.642-.745-4.975-2.084-.721-.81-1.865-1.275-2.954-1.275a3.807 3.807 0 0 0-2.846 1.275C211.889 3.249 209.893 4 208 4c-1.896.008-3.642-.745-4.975-2.084-.721-.81-1.865-1.275-2.954-1.275a3.807 3.807 0 0 0-2.846 1.275C195.889 3.249 193.893 4 192 4c-1.896.008-3.642-.745-4.975-2.084-.721-.81-1.865-1.275-2.954-1.275a3.807 3.807 0 0 0-2.846 1.275C179.889 3.249 177.893 4 176 4c-1.896.008-3.642-.745-4.975-2.084-.721-.81-1.865-1.275-2.954-1.275a3.807 3.807 0 0 0-2.846 1.275C163.889 3.249 161.893 4 160 4c-1.896.008-3.642-.745-4.975-2.084-.721-.81-1.865-1.275-2.954-1.275a3.807 3.807 0 0 0-2.846 1.275C147.889 3.249 145.893 4 144 4c-1.896.008-3.642-.745-4.975-2.084-.721-.81-1.865-1.275-2.954-1.275a3.807 3.807 0 0 0-2.846 1.275C131.889 3.249 129.893 4 128 4c-1.896.008-3.642-.745-4.975-2.084-.721-.81-1.865-1.275-2.954-1.275a3.807 3.807 0 0 0-2.846 1.275C115.889 3.249 113.893 4 112 4c-1.896.008-3.642-.745-4.975-2.084-.721-.81-1.865-1.275-2.954-1.275a3.807 3.807 0 0 0-2.846 1.275C99.889 3.249 97.893 4 96 4c-1.896.008-3.642-.745-4.975-2.084C90.304 1.106 89.16.64 88.07.64a3.807 3.807 0 0 0-2.846 1.275C83.889 3.249 81.893 4 80 4c-1.896.008-3.642-.745-4.975-2.084C74.304 1.106 73.16.64 72.07.64a3.807 3.807 0 0 0-2.846 1.275C67.889 3.249 65.893 4 64 4c-1.896.008-3.642-.745-4.975-2.084C58.304 1.106 57.16.64 56.07.64a3.807 3.807 0 0 0-2.846 1.275C51.889 3.249 49.893 4 48 4c-1.896.008-3.642-.745-4.975-2.084C42.304 1.106 41.16.64 40.07.64a3.807 3.807 0 0 0-2.846 1.275C35.889 3.249 33.893 4 32 4c-1.896.008-3.642-.745-4.975-2.084C26.304 1.106 25.16.64 24.07.64a3.807 3.807 0 0 0-2.846 1.275C19.889 3.249 17.893 4 16 4c-1.896.008-3.642-.745-4.975-2.084C10.304 1.106 9.16.64 8.07.64a3.807 3.807 0 0 0-2.846 1.275C3.889 3.249 1.893 4 0 4V0h1056v4c-1.896.008-3.642-.745-4.975-2.084-.721-.81-1.865-1.275-2.954-1.275a3.807 3.807 0 0 0-2.846 1.275C1043.889 3.249 1041.893 4 1040 4c-1.896.008-3.642-.745-4.975-2.084z\"\/>\n<\/svg>\n\t\t<\/div>\n\t\t\t\t<div class=\"elementor-shape elementor-shape-bottom\" aria-hidden=\"true\" data-negative=\"false\">\n\t\t\t<svg preserveAspectRatio=\"xMidYMin slice\" viewBox=\"0 0 1056 4\" xmlns=\"http:\/\/www.w3.org\/2000\/svg\">\n<path class=\"elementor-shape-fill\" d=\"M1035.025 1.916c-.721-.81-1.865-1.275-2.954-1.275a3.807 3.807 0 0 0-2.846 1.275C1027.889 3.249 1025.893 4 1024 4c-1.896.008-3.642-.745-4.975-2.084-.721-.81-1.865-1.275-2.954-1.275a3.807 3.807 0 0 0-2.846 1.275C1011.889 3.249 1009.893 4 1008 4c-1.896.008-3.642-.745-4.975-2.084-.721-.81-1.865-1.275-2.954-1.275a3.807 3.807 0 0 0-2.846 1.275C995.889 3.249 993.893 4 992 4c-1.896.008-3.642-.745-4.975-2.084-.721-.81-1.865-1.275-2.954-1.275a3.807 3.807 0 0 0-2.846 1.275C979.889 3.249 977.893 4 976 4c-1.896.008-3.642-.745-4.975-2.084-.721-.81-1.865-1.275-2.954-1.275a3.807 3.807 0 0 0-2.846 1.275C963.889 3.249 961.893 4 960 4c-1.896.008-3.642-.745-4.975-2.084-.721-.81-1.865-1.275-2.954-1.275a3.807 3.807 0 0 0-2.846 1.275C947.889 3.249 945.893 4 944 4c-1.896.008-3.642-.745-4.975-2.084-.721-.81-1.865-1.275-2.954-1.275a3.807 3.807 0 0 0-2.846 1.275C931.889 3.249 929.893 4 928 4c-1.896.008-3.642-.745-4.975-2.084-.721-.81-1.865-1.275-2.954-1.275a3.807 3.807 0 0 0-2.846 1.275C915.889 3.249 913.893 4 912 4c-1.896.008-3.642-.745-4.975-2.084-.721-.81-1.865-1.275-2.954-1.275a3.807 3.807 0 0 0-2.846 1.275C899.889 3.249 897.893 4 896 4c-1.896.008-3.642-.745-4.975-2.084-.721-.81-1.865-1.275-2.954-1.275a3.807 3.807 0 0 0-2.846 1.275C883.889 3.249 881.893 4 880 4c-1.896.008-3.642-.745-4.975-2.084-.721-.81-1.865-1.275-2.954-1.275a3.807 3.807 0 0 0-2.846 1.275C867.889 3.249 865.893 4 864 4c-1.896.008-3.642-.745-4.975-2.084-.721-.81-1.865-1.275-2.954-1.275a3.807 3.807 0 0 0-2.846 1.275C851.889 3.249 849.893 4 848 4c-1.896.008-3.642-.745-4.975-2.084-.721-.81-1.865-1.275-2.954-1.275a3.807 3.807 0 0 0-2.846 1.275C835.889 3.249 833.893 4 832 4c-1.896.008-3.642-.745-4.975-2.084-.721-.81-1.865-1.275-2.954-1.275a3.807 3.807 0 0 0-2.846 1.275C819.889 3.249 817.893 4 816 4c-1.896.008-3.642-.745-4.975-2.084-.721-.81-1.865-1.275-2.954-1.275a3.807 3.807 0 0 0-2.846 1.275C803.889 3.249 801.893 4 800 4c-1.896.008-3.642-.745-4.975-2.084-.721-.81-1.865-1.275-2.954-1.275a3.807 3.807 0 0 0-2.846 1.275C787.889 3.249 785.893 4 784 4c-1.896.008-3.642-.745-4.975-2.084-.721-.81-1.865-1.275-2.954-1.275a3.807 3.807 0 0 0-2.846 1.275C771.889 3.249 769.893 4 768 4c-1.896.008-3.642-.745-4.975-2.084-.721-.81-1.865-1.275-2.954-1.275a3.807 3.807 0 0 0-2.846 1.275C755.889 3.249 753.893 4 752 4c-1.896.008-3.642-.745-4.975-2.084-.721-.81-1.865-1.275-2.954-1.275a3.807 3.807 0 0 0-2.846 1.275C739.889 3.249 737.893 4 736 4c-1.896.008-3.642-.745-4.975-2.084-.721-.81-1.865-1.275-2.954-1.275a3.807 3.807 0 0 0-2.846 1.275C723.889 3.249 721.893 4 720 4c-1.896.008-3.642-.745-4.975-2.084-.721-.81-1.865-1.275-2.954-1.275a3.807 3.807 0 0 0-2.846 1.275C707.889 3.249 705.893 4 704 4c-1.896.008-3.642-.745-4.975-2.084-.721-.81-1.865-1.275-2.954-1.275a3.807 3.807 0 0 0-2.846 1.275C691.889 3.249 689.893 4 688 4c-1.896.008-3.642-.745-4.975-2.084-.721-.81-1.865-1.275-2.954-1.275a3.807 3.807 0 0 0-2.846 1.275C675.889 3.249 673.893 4 672 4c-1.896.008-3.642-.745-4.975-2.084-.721-.81-1.865-1.275-2.954-1.275a3.807 3.807 0 0 0-2.846 1.275C659.889 3.249 657.893 4 656 4c-1.896.008-3.642-.745-4.975-2.084-.721-.81-1.865-1.275-2.954-1.275a3.807 3.807 0 0 0-2.846 1.275C643.889 3.249 641.893 4 640 4c-1.896.008-3.642-.745-4.975-2.084-.721-.81-1.865-1.275-2.954-1.275a3.807 3.807 0 0 0-2.846 1.275C627.889 3.249 625.893 4 624 4c-1.896.008-3.642-.745-4.975-2.084-.721-.81-1.865-1.275-2.954-1.275a3.807 3.807 0 0 0-2.846 1.275C611.889 3.249 609.893 4 608 4c-1.896.008-3.642-.745-4.975-2.084-.721-.81-1.865-1.275-2.954-1.275a3.807 3.807 0 0 0-2.846 1.275C595.889 3.249 593.893 4 592 4c-1.896.008-3.642-.745-4.975-2.084-.721-.81-1.865-1.275-2.954-1.275a3.807 3.807 0 0 0-2.846 1.275C579.889 3.249 577.893 4 576 4c-1.896.008-3.642-.745-4.975-2.084-.721-.81-1.865-1.275-2.954-1.275a3.807 3.807 0 0 0-2.846 1.275C563.889 3.249 561.893 4 560 4c-1.896.008-3.642-.745-4.975-2.084-.721-.81-1.865-1.275-2.954-1.275a3.807 3.807 0 0 0-2.846 1.275C547.889 3.249 545.893 4 544 4c-1.896.008-3.642-.745-4.975-2.084-.721-.81-1.865-1.275-2.954-1.275a3.807 3.807 0 0 0-2.846 1.275C531.889 3.249 529.893 4 528 4c-1.896.008-3.642-.745-4.975-2.084-.721-.81-1.865-1.275-2.954-1.275a3.807 3.807 0 0 0-2.846 1.275C515.889 3.249 513.893 4 512 4c-1.896.008-3.642-.745-4.975-2.084-.721-.81-1.865-1.275-2.954-1.275a3.807 3.807 0 0 0-2.846 1.275C499.889 3.249 497.893 4 496 4c-1.896.008-3.642-.745-4.975-2.084-.721-.81-1.865-1.275-2.954-1.275a3.807 3.807 0 0 0-2.846 1.275C483.889 3.249 481.893 4 480 4c-1.896.008-3.642-.745-4.975-2.084-.721-.81-1.865-1.275-2.954-1.275a3.807 3.807 0 0 0-2.846 1.275C467.889 3.249 465.893 4 464 4c-1.896.008-3.642-.745-4.975-2.084-.721-.81-1.865-1.275-2.954-1.275a3.807 3.807 0 0 0-2.846 1.275C451.889 3.249 449.893 4 448 4c-1.896.008-3.642-.745-4.975-2.084-.721-.81-1.865-1.275-2.954-1.275a3.807 3.807 0 0 0-2.846 1.275C435.889 3.249 433.893 4 432 4c-1.896.008-3.642-.745-4.975-2.084-.721-.81-1.865-1.275-2.954-1.275a3.807 3.807 0 0 0-2.846 1.275C419.889 3.249 417.893 4 416 4c-1.896.008-3.642-.745-4.975-2.084-.721-.81-1.865-1.275-2.954-1.275a3.807 3.807 0 0 0-2.846 1.275C403.889 3.249 401.893 4 400 4c-1.896.008-3.642-.745-4.975-2.084-.721-.81-1.865-1.275-2.954-1.275a3.807 3.807 0 0 0-2.846 1.275C387.889 3.249 385.893 4 384 4c-1.896.008-3.642-.745-4.975-2.084-.721-.81-1.865-1.275-2.954-1.275a3.807 3.807 0 0 0-2.846 1.275C371.889 3.249 369.893 4 368 4c-1.896.008-3.642-.745-4.975-2.084-.721-.81-1.865-1.275-2.954-1.275a3.807 3.807 0 0 0-2.846 1.275C355.889 3.249 353.893 4 352 4c-1.896.008-3.642-.745-4.975-2.084-.721-.81-1.865-1.275-2.954-1.275a3.807 3.807 0 0 0-2.846 1.275C339.889 3.249 337.893 4 336 4c-1.896.008-3.642-.745-4.975-2.084-.721-.81-1.865-1.275-2.954-1.275a3.807 3.807 0 0 0-2.846 1.275C323.889 3.249 321.893 4 320 4c-1.896.008-3.642-.745-4.975-2.084-.721-.81-1.865-1.275-2.954-1.275a3.807 3.807 0 0 0-2.846 1.275C307.889 3.249 305.893 4 304 4c-1.896.008-3.642-.745-4.975-2.084-.721-.81-1.865-1.275-2.954-1.275a3.807 3.807 0 0 0-2.846 1.275C291.889 3.249 289.893 4 288 4c-1.896.008-3.642-.745-4.975-2.084-.721-.81-1.865-1.275-2.954-1.275a3.807 3.807 0 0 0-2.846 1.275C275.889 3.249 273.893 4 272 4c-1.896.008-3.642-.745-4.975-2.084-.721-.81-1.865-1.275-2.954-1.275a3.807 3.807 0 0 0-2.846 1.275C259.889 3.249 257.893 4 256 4c-1.896.008-3.642-.745-4.975-2.084-.721-.81-1.865-1.275-2.954-1.275a3.807 3.807 0 0 0-2.846 1.275C243.889 3.249 241.893 4 240 4c-1.896.008-3.642-.745-4.975-2.084-.721-.81-1.865-1.275-2.954-1.275a3.807 3.807 0 0 0-2.846 1.275C227.889 3.249 225.893 4 224 4c-1.896.008-3.642-.745-4.975-2.084-.721-.81-1.865-1.275-2.954-1.275a3.807 3.807 0 0 0-2.846 1.275C211.889 3.249 209.893 4 208 4c-1.896.008-3.642-.745-4.975-2.084-.721-.81-1.865-1.275-2.954-1.275a3.807 3.807 0 0 0-2.846 1.275C195.889 3.249 193.893 4 192 4c-1.896.008-3.642-.745-4.975-2.084-.721-.81-1.865-1.275-2.954-1.275a3.807 3.807 0 0 0-2.846 1.275C179.889 3.249 177.893 4 176 4c-1.896.008-3.642-.745-4.975-2.084-.721-.81-1.865-1.275-2.954-1.275a3.807 3.807 0 0 0-2.846 1.275C163.889 3.249 161.893 4 160 4c-1.896.008-3.642-.745-4.975-2.084-.721-.81-1.865-1.275-2.954-1.275a3.807 3.807 0 0 0-2.846 1.275C147.889 3.249 145.893 4 144 4c-1.896.008-3.642-.745-4.975-2.084-.721-.81-1.865-1.275-2.954-1.275a3.807 3.807 0 0 0-2.846 1.275C131.889 3.249 129.893 4 128 4c-1.896.008-3.642-.745-4.975-2.084-.721-.81-1.865-1.275-2.954-1.275a3.807 3.807 0 0 0-2.846 1.275C115.889 3.249 113.893 4 112 4c-1.896.008-3.642-.745-4.975-2.084-.721-.81-1.865-1.275-2.954-1.275a3.807 3.807 0 0 0-2.846 1.275C99.889 3.249 97.893 4 96 4c-1.896.008-3.642-.745-4.975-2.084C90.304 1.106 89.16.64 88.07.64a3.807 3.807 0 0 0-2.846 1.275C83.889 3.249 81.893 4 80 4c-1.896.008-3.642-.745-4.975-2.084C74.304 1.106 73.16.64 72.07.64a3.807 3.807 0 0 0-2.846 1.275C67.889 3.249 65.893 4 64 4c-1.896.008-3.642-.745-4.975-2.084C58.304 1.106 57.16.64 56.07.64a3.807 3.807 0 0 0-2.846 1.275C51.889 3.249 49.893 4 48 4c-1.896.008-3.642-.745-4.975-2.084C42.304 1.106 41.16.64 40.07.64a3.807 3.807 0 0 0-2.846 1.275C35.889 3.249 33.893 4 32 4c-1.896.008-3.642-.745-4.975-2.084C26.304 1.106 25.16.64 24.07.64a3.807 3.807 0 0 0-2.846 1.275C19.889 3.249 17.893 4 16 4c-1.896.008-3.642-.745-4.975-2.084C10.304 1.106 9.16.64 8.07.64a3.807 3.807 0 0 0-2.846 1.275C3.889 3.249 1.893 4 0 4V0h1056v4c-1.896.008-3.642-.745-4.975-2.084-.721-.81-1.865-1.275-2.954-1.275a3.807 3.807 0 0 0-2.846 1.275C1043.889 3.249 1041.893 4 1040 4c-1.896.008-3.642-.745-4.975-2.084z\"\/>\n<\/svg>\n\t\t<\/div>\n\t\t\t\t\t<div class=\"elementor-container elementor-column-gap-default\">\n\t\t\t\t\t<div class=\"elementor-column elementor-col-50 elementor-top-column elementor-element elementor-element-1e62218\" data-id=\"1e62218\" data-element_type=\"column\">\n\t\t\t<div class=\"elementor-widget-wrap elementor-element-populated\">\n\t\t\t\t\t\t\t<\/div>\n\t\t<\/div>\n\t\t\t\t<div class=\"elementor-column elementor-col-50 elementor-top-column elementor-element elementor-element-77fb9a6 elementor-hidden-phone\" data-id=\"77fb9a6\" data-element_type=\"column\">\n\t\t\t<div class=\"elementor-widget-wrap elementor-element-populated\">\n\t\t\t\t\t\t<div class=\"elementor-element elementor-element-ca71eda animated-fast elementor-invisible elementor-widget elementor-widget-image\" data-id=\"ca71eda\" data-element_type=\"widget\" data-settings=\"{&quot;_animation&quot;:&quot;zoomInDown&quot;,&quot;motion_fx_scale_effect&quot;:&quot;yes&quot;,&quot;motion_fx_scale_direction&quot;:&quot;in-out&quot;,&quot;motion_fx_scale_range&quot;:{&quot;unit&quot;:&quot;%&quot;,&quot;size&quot;:&quot;&quot;,&quot;sizes&quot;:{&quot;start&quot;:50,&quot;end&quot;:100}},&quot;motion_fx_motion_fx_scrolling&quot;:&quot;yes&quot;,&quot;motion_fx_scale_speed&quot;:{&quot;unit&quot;:&quot;px&quot;,&quot;size&quot;:6,&quot;sizes&quot;:[]},&quot;motion_fx_devices&quot;:[&quot;desktop&quot;]}\" data-widget_type=\"image.default\">\n\t\t\t\t\t\t\t\t\t\t\t\t\t\t\t<img decoding=\"async\" width=\"157\" height=\"145\" src=\"https:\/\/vrtec-crensovci.si\/wp-content\/uploads\/2019\/11\/fox-color.svg\" class=\"attachment-large size-large wp-image-405\" alt=\"\" \/>\t\t\t\t\t\t\t\t\t\t\t\t\t\t\t<\/div>\n\t\t\t\t\t<\/div>\n\t\t<\/div>\n\t\t\t\t\t<\/div>\n\t\t<\/section>\n\t\t<div class=\"elementor-element elementor-element-394951d e-flex e-con-boxed e-con e-parent\" data-id=\"394951d\" data-element_type=\"container\">\n\t\t\t\t\t<div class=\"e-con-inner\">\n\t\t\t\t\t<\/div>\n\t\t\t\t<\/div>\n\t\t<div class=\"elementor-element elementor-element-b903c3b e-flex e-con-boxed e-con e-parent\" data-id=\"b903c3b\" data-element_type=\"container\">\n\t\t\t\t\t<div class=\"e-con-inner\">\n\t\t\t\t<div class=\"elementor-element elementor-element-6ea45f2 elementor-widget elementor-widget-text-editor\" data-id=\"6ea45f2\" data-element_type=\"widget\" data-widget_type=\"text-editor.default\">\n\t\t\t\t\t\t\t\t\t<ul><li>Roditeljski sestanki \u2013 skupni in oddel\u010dni;<\/li><li>mese\u010dne pogovorne ure o otroku;<\/li><li>sre\u010danja star\u0161ev, otrok in zaposlenih ob razli\u010dnih prilo\u017enostih in z razli\u010dnimi cilji, katerih vsebine in oblike so prilagojene prednostni nalogi vrtca, \u017eeljam in potrebam otrok in star\u0161ev (podrobneje so opredeljene v LDN vrtca);<\/li><li>\u0161ola za star\u0161e, predvideno je eno sre\u010danje;<\/li><li>sodelovanje v strokovnih organih zavoda (svet star\u0161ev in svet zavoda).<\/li><\/ul><p>Mese\u010dne pogovorne ure v \u0161olskem letu 2025\/2026: prvi (v primeru praznikov drugi) ponedeljek v mesecu od 16.00 do 17.00 ure, po predhodni najavi oz. po dogovoru ter v delovnem \u010dasu vzgojiteljice (izven \u010dasa neposrednega dela z otroki). V primeru poslab\u0161anja razmer priporo\u010damo, da pogovorne ure potekajo po telefonu, eAsistentu, Zoom aplikaciji, ipd.<\/p><table width=\"680\"><tbody><tr><td width=\"309\"><p><strong>Datum <\/strong><\/p><\/td><td width=\"371\"><p><strong>POGOVORNE URE<\/strong><\/p><\/td><\/tr><tr><td width=\"309\"><p><strong>16. 9. 2025<\/strong><\/p><\/td><td width=\"371\"><p>Roditeljski sestanek<\/p><\/td><\/tr><tr><td width=\"309\"><p><strong>13. 10. 2025<\/strong><\/p><\/td><td width=\"371\"><p>Sodelovanje s star\u0161i\u00a0 v tednu otroka in pogovorna ura<\/p><\/td><\/tr><tr><td width=\"309\"><p><strong>3. 11. 2025<\/strong><\/p><\/td><td width=\"371\"><p>Pogovorna ura<\/p><\/td><\/tr><tr><td width=\"309\"><p><strong>8. 12. 2025 <\/strong><\/p><\/td><td width=\"371\"><p>Pogovorna ura<\/p><\/td><\/tr><tr><td width=\"309\"><p><strong>12. 1. 2026<\/strong><\/p><\/td><td width=\"371\"><p>Pogovorna ura<\/p><\/td><\/tr><tr><td width=\"309\"><p><strong>Februar 2025<\/strong><\/p><\/td><td width=\"371\"><p>Aktivne delavnice za star\u0161e<\/p><\/td><\/tr><tr><td width=\"309\"><p><strong>Marec 2025 (9. 3. 2026)<\/strong><\/p><\/td><td width=\"371\"><p>Pogovorna ura IN ODDEL\u010cNO SRE\u010cANJE<\/p><\/td><\/tr><tr><td width=\"309\"><p><strong>13. 4. 2026<\/strong><\/p><\/td><td width=\"371\"><p>Pogovorna ura<\/p><\/td><\/tr><tr><td width=\"309\"><p><strong>4. 5. 2026<\/strong><\/p><\/td><td width=\"371\"><p>Pogovorna ura<\/p><\/td><\/tr><tr><td width=\"309\"><p><strong>18. 6. 2026<\/strong><\/p><\/td><td width=\"371\"><p>Roditeljski sestanek za novince<\/p><\/td><\/tr><\/tbody><\/table><p>\u00a0<\/p>\t\t\t\t\t\t\t\t<\/div>\n\t\t\t\t\t<\/div>\n\t\t\t\t<\/div>\n\t\t\t\t<\/div>\n\t\t","protected":false},"excerpt":{"rendered":"<p>Roditeljski sestanki \u2013 skupni in oddel\u010dni; mese\u010dne pogovorne ure o otroku; sre\u010danja star\u0161ev, otrok in zaposlenih ob razli\u010dnih prilo\u017enostih in z razli\u010dnimi cilji, katerih vsebine in oblike so prilagojene prednostni nalogi vrtca, \u017eeljam in potrebam otrok in star\u0161ev (podrobneje so opredeljene v LDN vrtca); \u0161ola za star\u0161e, predvideno je eno sre\u010danje; sodelovanje v strokovnih organih&#8230;<\/p>\n","protected":false},"author":1,"featured_media":0,"parent":0,"menu_order":0,"comment_status":"closed","ping_status":"closed","template":"","meta":{"ngg_post_thumbnail":0,"footnotes":""},"class_list":["post-7285","page","type-page","status-publish","hentry"],"_links":{"self":[{"href":"https:\/\/vrtec-crensovci.si\/index.php?rest_route=\/wp\/v2\/pages\/7285","targetHints":{"allow":["GET"]}}],"collection":[{"href":"https:\/\/vrtec-crensovci.si\/index.php?rest_route=\/wp\/v2\/pages"}],"about":[{"href":"https:\/\/vrtec-crensovci.si\/index.php?rest_route=\/wp\/v2\/types\/page"}],"author":[{"embeddable":true,"href":"https:\/\/vrtec-crensovci.si\/index.php?rest_route=\/wp\/v2\/users\/1"}],"replies":[{"embeddable":true,"href":"https:\/\/vrtec-crensovci.si\/index.php?rest_route=%2Fwp%2Fv2%2Fcomments&post=7285"}],"version-history":[{"count":13,"href":"https:\/\/vrtec-crensovci.si\/index.php?rest_route=\/wp\/v2\/pages\/7285\/revisions"}],"predecessor-version":[{"id":7814,"href":"https:\/\/vrtec-crensovci.si\/index.php?rest_route=\/wp\/v2\/pages\/7285\/revisions\/7814"}],"wp:attachment":[{"href":"https:\/\/vrtec-crensovci.si\/index.php?rest_route=%2Fwp%2Fv2%2Fmedia&parent=7285"}],"curies":[{"name":"wp","href":"https:\/\/api.w.org\/{rel}","templated":true}]}}